{"id":3464,"date":"2026-03-27T17:02:27","date_gmt":"2026-03-27T16:02:27","guid":{"rendered":"https:\/\/the-classclub.com\/?page_id=3464"},"modified":"2026-04-19T15:53:42","modified_gmt":"2026-04-19T13:53:42","slug":"anfrage-kontakt","status":"publish","type":"page","link":"https:\/\/the-classclub.com\/en\/anfrage-kontakt\/","title":{"rendered":"Get in Touch"},"content":{"rendered":"<p><section id=\"bt_bb_section69f2d1b18cb4a\" class=\"bt_bb_section bt_bb_layout_boxed_1200 bt_bb_vertical_align_top bt_bb_top_spacing_medium bt_bb_bottom_spacing_medium\"  data-bt-override-class=\"null\"><div class=\"bt_bb_port\"><div class=\"bt_bb_cell\"><div class=\"bt_bb_cell_inner\"><div class=\"bt_bb_row\"  data-bt-override-class=\"{}\"><div class=\"bt_bb_row_holder\" ><div  class=\"bt_bb_column col-xxl-2 col-xl-2 bt_bb_vertical_align_top bt_bb_align_left bt_bb_padding_normal\" style=\"; --column-width:2;\" data-width=\"2\" data-bt-override-class=\"{}\"><div class=\"bt_bb_column_content\"><div class=\"bt_bb_column_content_inner\"><\/div><\/div><\/div><div  class=\"bt_bb_column col-xxl-8 col-xl-8 bt_bb_vertical_align_middle bt_bb_align_center bt_bb_padding_normal bt_bb_animation_fade_in animate\" style=\"; --column-width:8;\" data-width=\"8\" data-bt-override-class=\"{}\"><div class=\"bt_bb_column_content\"><div class=\"bt_bb_column_content_inner\"><div class=\"bt_bb_separator bt_bb_border_style_none bt_bb_bottom_spacing_small\" data-bt-override-class=\"null\"><\/div><header data-bb-version=\"5.7.1\" class=\"bt_bb_headline bt_bb_dash_none bt_bb_subheadline bt_bb_size_normal bt_bb_align_inherit\" data-bt-override-class=\"{&quot;bt_bb_size_&quot;:{&quot;current_class&quot;:&quot;bt_bb_size_normal&quot;,&quot;def&quot;:&quot;normal&quot;},&quot;bt_bb_align_&quot;:{&quot;current_class&quot;:&quot;bt_bb_align_inherit&quot;,&quot;def&quot;:&quot;inherit&quot;},&quot;bt_bb_animation_&quot;:{&quot;current_class&quot;:&quot;bt_bb_animation_no_animation&quot;,&quot;def&quot;:&quot;no_animation&quot;}}\"><h2 class=\"bt_bb_headline_tag\"><span class=\"bt_bb_headline_content\"><span>I look forward to get to know you.<\/span><\/span><\/h2><div class=\"bt_bb_headline_subheadline\">I would be delighted to accompany your child on the path toward greater self-confidence, social ease, and a naturally confident presence. Guided by psychological expertise, modern etiquette, and a refined sensitivity to individual personality.<\/p><br \/>\n<p>In a personal consultation, I take the time to truly understand your wishes and your family\u2019s unique circumstances, allowing us to thoughtfully develop tailored and effective approaches that support your child in a meaningful and lasting way.<\/div><\/header><div class=\"bt_bb_separator bt_bb_border_style_none bt_bb_bottom_spacing_medium\" data-bt-override-class=\"null\"><\/div><\/div><\/div><\/div><div  class=\"bt_bb_column col-xxl-2 col-xl-2 bt_bb_vertical_align_top bt_bb_align_left bt_bb_padding_normal\" style=\"; --column-width:2;\" data-width=\"2\" data-bt-override-class=\"{}\"><div class=\"bt_bb_column_content\"><div class=\"bt_bb_column_content_inner\"><\/div><\/div><\/div><\/div><\/div><div class=\"bt_bb_row\"  data-bt-override-class=\"{}\"><div class=\"bt_bb_row_holder\" ><div  class=\"bt_bb_column col-xxl-12 col-xl-12 bt_bb_vertical_align_top bt_bb_align_center bt_bb_padding_normal bt_bb_animation_fade_in animate\" style=\"; --column-width:12;\" data-width=\"12\" data-bt-override-class=\"{}\"><div class=\"bt_bb_column_content\"><div class=\"bt_bb_column_content_inner\"><div data-bb-version=\"5.7.1\" class=\"bt_bb_image bt_bb_shape_square bt_bb_target_self bt_bb_align_inherit bt_bb_hover_style_simple bt_bb_content_display_always bt_bb_content_align_middle\" data-bt-override-class=\"{}\"><span><img loading=\"lazy\" decoding=\"async\" width=\"2560\" height=\"1707\" src=\"https:\/\/the-classclub.com\/wp-content\/uploads\/2026\/03\/TheClassClub_image00011-scaled.jpeg\" class=\"attachment-full size-full\" alt=\"https:\/\/the-classclub.com\/wp-content\/uploads\/2026\/03\/TheClassClub_image00011-scaled.jpeg\" data-full_image_src=\"https:\/\/the-classclub.com\/wp-content\/uploads\/2026\/03\/TheClassClub_image00011-scaled.jpeg\" title=\"TheClassClub_image00011\" srcset=\"https:\/\/the-classclub.com\/wp-content\/uploads\/2026\/03\/TheClassClub_image00011-scaled.jpeg 2560w, https:\/\/the-classclub.com\/wp-content\/uploads\/2026\/03\/TheClassClub_image00011-640x427.jpeg 640w, https:\/\/the-classclub.com\/wp-content\/uploads\/2026\/03\/TheClassClub_image00011-1280x853.jpeg 1280w, https:\/\/the-classclub.com\/wp-content\/uploads\/2026\/03\/TheClassClub_image00011-768x512.jpeg 768w, https:\/\/the-classclub.com\/wp-content\/uploads\/2026\/03\/TheClassClub_image00011-1536x1024.jpeg 1536w, https:\/\/the-classclub.com\/wp-content\/uploads\/2026\/03\/TheClassClub_image00011-2048x1365.jpeg 2048w\" sizes=\"auto, (max-width: 2560px) 100vw, 2560px\" \/><\/span><\/div><\/div><\/div><\/div><\/div><\/div><\/div><!-- cell_inner --><\/div><!-- cell --><\/div><!-- port --><\/section><section id=\"bt_bb_section69f2d1b18d739\" class=\"bt_bb_section bt_bb_layout_boxed_1200 bt_bb_vertical_align_top bt_bb_top_spacing_medium\"  data-bt-override-class=\"null\"><div class=\"bt_bb_port\"><div class=\"bt_bb_cell\"><div class=\"bt_bb_cell_inner\"><div class=\"bt_bb_row\"  data-bt-override-class=\"{}\"><div class=\"bt_bb_row_holder\" ><div data-bb-version=\"5.7.1\"  class=\"bt_bb_column col-xxl-6 col-xl-6 bt_bb_vertical_align_bottom bt_bb_align_left bt_bb_padding_normal\" style=\"; --column-width:6;\" data-width=\"6\" data-bt-override-class=\"{&quot;bt_bb_vertical_align_&quot;:{&quot;current_class&quot;:&quot;bt_bb_vertical_align_bottom&quot;,&quot;def&quot;:&quot;bottom&quot;},&quot;bt_bb_align_&quot;:{&quot;current_class&quot;:&quot;bt_bb_align_left&quot;,&quot;def&quot;:&quot;left&quot;},&quot;bt_bb_padding_&quot;:{&quot;current_class&quot;:&quot;bt_bb_padding_normal&quot;,&quot;def&quot;:&quot;normal&quot;},&quot;bt_bb_animation_&quot;:{&quot;current_class&quot;:&quot;bt_bb_animation_no_animation&quot;,&quot;def&quot;:&quot;no_animation&quot;}}\"><div class=\"bt_bb_column_content\"><div class=\"bt_bb_column_content_inner\"><header data-bb-version=\"5.7.1\" class=\"bt_bb_headline bt_bb_dash_none bt_bb_subheadline bt_bb_size_normal bt_bb_align_inherit bt_bb_animation_fade_in move_up animate\" data-bt-override-class=\"{&quot;bt_bb_size_&quot;:{&quot;current_class&quot;:&quot;bt_bb_size_normal&quot;,&quot;def&quot;:&quot;normal&quot;},&quot;bt_bb_align_&quot;:{&quot;current_class&quot;:&quot;bt_bb_align_inherit&quot;,&quot;def&quot;:&quot;inherit&quot;},&quot;bt_bb_animation_&quot;:{&quot;current_class&quot;:&quot;bt_bb_animation_fade_in move_up animate&quot;,&quot;def&quot;:&quot;fade_in move_up animate&quot;}}\"><h3 class=\"bt_bb_headline_tag\"><span class=\"bt_bb_headline_content\"><span>I look forward to hearing from you.<\/span><\/span><\/h3><div class=\"bt_bb_headline_subheadline\">Please feel free to contact me by phone or email.<br \/><br \/>\nI will get back to you personally as soon as possible.<\/div><\/header><div class=\"bt_bb_separator bt_bb_border_style_none bt_bb_bottom_spacing_50\" data-bt-override-class=\"null\"><\/div><div data-bb-version=\"5.7.1\" class=\"bt_bb_service bt_bb_style_borderless bt_bb_size_xsmall bt_bb_size_xsmall bt_bb_shape_circle bt_bb_align_inherit\" data-bt-override-class=\"{}\"><span  data-ico-ionicons=\"&#xe935;\" class=\"bt_bb_icon_holder\"><\/span><div class=\"bt_bb_service_content\"><div class=\"bt_bb_service_content_supertitle\">LOCATION<\/div><div class=\"bt_bb_service_content_text\">Munich\/Germany<\/div><\/div><\/div><div class=\"bt_bb_separator bt_bb_border_style_none bt_bb_bottom_spacing_normal\" data-bt-override-class=\"null\"><\/div><div data-bb-version=\"5.7.1\" class=\"bt_bb_service bt_bb_style_borderless bt_bb_size_xsmall bt_bb_size_xsmall bt_bb_shape_circle bt_bb_align_inherit\" data-bt-override-class=\"{}\"><span  data-ico-ionicons=\"&#xe90b;\" class=\"bt_bb_icon_holder\"><\/span><div class=\"bt_bb_service_content\"><div class=\"bt_bb_service_content_supertitle\">PHONE<\/div><div class=\"bt_bb_service_content_text\">+49 176 6472 23 01<\/div><\/div><\/div><div class=\"bt_bb_separator bt_bb_border_style_none bt_bb_bottom_spacing_normal\" data-bt-override-class=\"null\"><\/div><div data-bb-version=\"5.7.1\" class=\"bt_bb_service bt_bb_style_borderless bt_bb_size_xsmall bt_bb_size_xsmall bt_bb_shape_circle bt_bb_align_inherit\" data-bt-override-class=\"{}\"><a href=\"mailto:lara.kroll@the-classclub.com\"  target=\"_blank\"   data-ico-ionicons=\"&#xe910;\" class=\"bt_bb_icon_holder\"><\/a><div class=\"bt_bb_service_content\"><div class=\"bt_bb_service_content_supertitle\">E-MAIL<\/div><div class=\"bt_bb_service_content_text\">lara.kroll@the-classclub.com<\/div><\/div><\/div><div class=\"bt_bb_separator bt_bb_border_style_none bt_bb_bottom_spacing_normal\" data-bt-override-class=\"null\"><\/div><div data-bb-version=\"5.7.1\" class=\"bt_bb_service bt_bb_style_borderless bt_bb_size_xsmall bt_bb_size_xsmall bt_bb_shape_circle bt_bb_align_inherit\" data-bt-override-class=\"{}\"><a href=\"https:\/\/www.instagram.com\/the_classclub\/\"  target=\"_blank\"   data-ico-fontawesome5brands=\"&#xe055;\" class=\"bt_bb_icon_holder\"><\/a><div class=\"bt_bb_service_content\"><div class=\"bt_bb_service_content_supertitle\">FOLLOW ME<\/div><div class=\"bt_bb_service_content_text\">@the_classclub<\/div><\/div><\/div><div class=\"bt_bb_separator bt_bb_border_style_none bt_bb_bottom_spacing_medium\" data-bt-override-class=\"null\"><\/div><\/div><\/div><\/div><div data-bb-version=\"5.7.1\"  class=\"bt_bb_column col-xxl-6 col-xl-6 bt_bb_vertical_align_bottom bt_bb_align_left bt_bb_padding_normal\" style=\"; --column-width:6;\" data-width=\"6\" data-bt-override-class=\"{&quot;bt_bb_vertical_align_&quot;:{&quot;current_class&quot;:&quot;bt_bb_vertical_align_bottom&quot;,&quot;def&quot;:&quot;bottom&quot;},&quot;bt_bb_align_&quot;:{&quot;current_class&quot;:&quot;bt_bb_align_left&quot;,&quot;def&quot;:&quot;left&quot;},&quot;bt_bb_padding_&quot;:{&quot;current_class&quot;:&quot;bt_bb_padding_normal&quot;,&quot;def&quot;:&quot;normal&quot;},&quot;bt_bb_animation_&quot;:{&quot;current_class&quot;:&quot;bt_bb_animation_no_animation&quot;,&quot;def&quot;:&quot;no_animation&quot;}}\"><div class=\"bt_bb_column_content\"><div class=\"bt_bb_column_content_inner\"><div data-bb-version=\"5.7.1\" class=\"bt_bb_contact_form_7\">\n<div class=\"wpcf7 no-js\" id=\"wpcf7-f168-o1\" lang=\"de-DE\" dir=\"ltr\" data-wpcf7-id=\"168\">\n<div class=\"screen-reader-response\"><p role=\"status\" aria-live=\"polite\" aria-atomic=\"true\"><\/p> <ul><\/ul><\/div>\n<form action=\"\/en\/wp-json\/wp\/v2\/pages\/3464#wpcf7-f168-o1\" method=\"post\" class=\"wpcf7-form init\" aria-label=\"Kontaktformular\" novalidate=\"novalidate\" data-status=\"init\" data-trp-original-action=\"\/en\/wp-json\/wp\/v2\/pages\/3464#wpcf7-f168-o1\">\n<fieldset class=\"hidden-fields-container\"><input type=\"hidden\" name=\"_wpcf7\" value=\"168\" \/><input type=\"hidden\" name=\"_wpcf7_version\" value=\"6.1.5\" \/><input type=\"hidden\" name=\"_wpcf7_locale\" value=\"de_DE\" \/><input type=\"hidden\" name=\"_wpcf7_unit_tag\" value=\"wpcf7-f168-o1\" \/><input type=\"hidden\" name=\"_wpcf7_container_post\" value=\"0\" \/><input type=\"hidden\" name=\"_wpcf7_posted_data_hash\" value=\"\" \/><input type=\"hidden\" name=\"_wpcf7_recaptcha_response\" value=\"\" \/>\n<\/fieldset>\n<p><label> Your Name<br \/>\n<span class=\"wpcf7-form-control-wrap\" data-name=\"your-name\"><input size=\"40\" maxlength=\"400\" class=\"wpcf7-form-control wpcf7-text wpcf7-validates-as-required\" autocomplete=\"name\" aria-required=\"true\" aria-invalid=\"false\" value=\"\" type=\"text\" name=\"your-name\" \/><\/span> <\/label>\n<\/p>\n<p><label> Your E-Mail Address<br \/>\n<span class=\"wpcf7-form-control-wrap\" data-name=\"your-email\"><input size=\"40\" maxlength=\"400\" class=\"wpcf7-form-control wpcf7-email wpcf7-validates-as-required wpcf7-text wpcf7-validates-as-email\" autocomplete=\"email\" aria-required=\"true\" aria-invalid=\"false\" value=\"\" type=\"email\" name=\"your-email\" \/><\/span> <\/label>\n<\/p>\n<p><label> Subject<br \/>\n<span class=\"wpcf7-form-control-wrap\" data-name=\"your-subject\"><input size=\"40\" maxlength=\"400\" class=\"wpcf7-form-control wpcf7-text wpcf7-validates-as-required\" aria-required=\"true\" aria-invalid=\"false\" value=\"\" type=\"text\" name=\"your-subject\" \/><\/span> <\/label>\n<\/p>\n<p><label> Date<br \/>\n<span class=\"wpcf7-form-control-wrap\" data-name=\"date-491\"><input class=\"wpcf7-form-control wpcf7-date wpcf7-validates-as-date\" aria-invalid=\"false\" value=\"\" type=\"date\" name=\"date-491\" \/><\/span> <\/label>\n<\/p>\n<p><label> Your Message (ptional)<br \/>\n<span class=\"wpcf7-form-control-wrap\" data-name=\"your-message\"><textarea cols=\"40\" rows=\"10\" maxlength=\"2000\" class=\"wpcf7-form-control wpcf7-textarea\" aria-invalid=\"false\" name=\"your-message\"><\/textarea><\/span> <\/label>\n<\/p>\n<p><input class=\"wpcf7-form-control wpcf7-submit has-spinner\" type=\"submit\" value=\"Submit\" \/>\n<\/p><div class=\"wpcf7-response-output\" aria-hidden=\"true\"><\/div>\n<input type=\"hidden\" name=\"trp-form-language\" value=\"en\"\/><\/form>\n<\/div>\n<\/div><\/div><\/div><\/div><\/div><\/div><\/div><!-- cell_inner --><\/div><!-- cell --><\/div><!-- port --><\/section><section id=\"bt_bb_section69f2d1b191a6d\" class=\"bt_bb_section bt_bb_layout_boxed_1600 bt_bb_vertical_align_top bt_bb_bottom_spacing_large\"  data-bt-override-class=\"null\"><div class=\"bt_bb_port\"><div class=\"bt_bb_cell\"><div class=\"bt_bb_cell_inner\"><div class=\"bt_bb_row\"  data-bt-override-class=\"{}\"><div class=\"bt_bb_row_holder\" ><div  class=\"bt_bb_column col-xxl-12 col-xl-12 bt_bb_vertical_align_top bt_bb_align_center bt_bb_padding_normal bt_bb_animation_fade_in move_up animate\" style=\"; --column-width:12;\" data-width=\"12\" data-bt-override-class=\"{}\"><div class=\"bt_bb_column_content\"><div class=\"bt_bb_column_content_inner\"><div data-bb-version=\"5.7.1\" class=\"bt_bb_masonry_image_grid bt_bb_grid_container bt_bb_columns_5 bt_bb_gap_no_gap bt_bb_no_lightbox\" data-columns=\"5\"><div class=\"bt_bb_masonry_post_image_content\" data-columns=\"5\"><div class=\"bt_bb_grid_sizer\"><\/div><div class=\"bt_bb_grid_item bt_bb_tile_format11\" data-hw=\"1.5\" data-src=\"https:\/\/the-classclub.com\/wp-content\/uploads\/2026\/03\/TheClassClub_image00007-1280x1920.jpeg\" data-src-full=\"https:\/\/the-classclub.com\/wp-content\/uploads\/2026\/03\/TheClassClub_image00007-scaled.jpeg\" data-title=\"TheClassClub_image00007\"><div class=\"bt_bb_grid_item_inner\" data-hw=\"1.5\" ><div class=\"bt_bb_grid_item_inner_image\"><\/div><div class=\"bt_bb_grid_item_inner_content\"><\/div><\/div><\/div><div class=\"bt_bb_grid_item bt_bb_tile_format11\" data-hw=\"1.5\" data-src=\"https:\/\/the-classclub.com\/wp-content\/uploads\/2026\/03\/TheClassClub_image00008-1280x1920.jpeg\" data-src-full=\"https:\/\/the-classclub.com\/wp-content\/uploads\/2026\/03\/TheClassClub_image00008-scaled.jpeg\" data-title=\"TheClassClub_image00008\"><div class=\"bt_bb_grid_item_inner\" data-hw=\"1.5\" ><div class=\"bt_bb_grid_item_inner_image\"><\/div><div class=\"bt_bb_grid_item_inner_content\"><\/div><\/div><\/div><div class=\"bt_bb_grid_item bt_bb_tile_format11\" data-hw=\"1.5\" data-src=\"https:\/\/the-classclub.com\/wp-content\/uploads\/2026\/03\/TheClassClub_image00010-1280x1920.jpeg\" data-src-full=\"https:\/\/the-classclub.com\/wp-content\/uploads\/2026\/03\/TheClassClub_image00010-scaled.jpeg\" data-title=\"TheClassClub_image00010\"><div class=\"bt_bb_grid_item_inner\" data-hw=\"1.5\" ><div class=\"bt_bb_grid_item_inner_image\"><\/div><div class=\"bt_bb_grid_item_inner_content\"><\/div><\/div><\/div><div class=\"bt_bb_grid_item bt_bb_tile_format11\" data-hw=\"1.5\" data-src=\"https:\/\/the-classclub.com\/wp-content\/uploads\/2026\/03\/TheClassClub_image00019-1280x1920.jpeg\" data-src-full=\"https:\/\/the-classclub.com\/wp-content\/uploads\/2026\/03\/TheClassClub_image00019-scaled.jpeg\" data-title=\"TheClassClub_image00019\"><div class=\"bt_bb_grid_item_inner\" data-hw=\"1.5\" ><div class=\"bt_bb_grid_item_inner_image\"><\/div><div class=\"bt_bb_grid_item_inner_content\"><\/div><\/div><\/div><div class=\"bt_bb_grid_item bt_bb_tile_format11\" data-hw=\"1.5\" data-src=\"https:\/\/the-classclub.com\/wp-content\/uploads\/2026\/03\/TheClassClub_image00014-1280x1920.jpeg\" data-src-full=\"https:\/\/the-classclub.com\/wp-content\/uploads\/2026\/03\/TheClassClub_image00014-scaled.jpeg\" data-title=\"TheClassClub_image00014\"><div class=\"bt_bb_grid_item_inner\" data-hw=\"1.5\" ><div class=\"bt_bb_grid_item_inner_image\"><\/div><div class=\"bt_bb_grid_item_inner_content\"><\/div><\/div><\/div><\/div><\/div><\/div><\/div><\/div><\/div><\/div><\/div><!-- cell_inner --><\/div><!-- cell --><\/div><!-- port --><\/section><\/p>","protected":false},"excerpt":{"rendered":"","protected":false},"author":1,"featured_media":0,"parent":0,"menu_order":0,"comment_status":"closed","ping_status":"closed","template":"","meta":{"footnotes":""},"class_list":["post-3464","page","type-page","status-publish","hentry"],"yoast_head":"<!-- This site is optimized with the Yoast SEO plugin v26.8 - https:\/\/yoast.com\/product\/yoast-seo-wordpress\/ -->\n<title>Kontakt | Etikette Coaching f\u00fcr Kinder in M\u00fcnchen<\/title>\n<meta name=\"description\" content=\"Kontaktieren Sie The Class Club f\u00fcr individuelles Etikette-Coaching f\u00fcr Kinder \u2013 pers\u00f6nlich, diskret und europaweit verf\u00fcgbar.\" \/>\n<meta name=\"robots\" content=\"index, follow, max-snippet:-1, max-image-preview:large, max-video-preview:-1\" \/>\n<link rel=\"canonical\" href=\"http:\/\/the-classclub.com\/en\/anfrage-kontakt\/\" \/>\n<meta property=\"og:locale\" content=\"en_GB\" \/>\n<meta property=\"og:type\" content=\"article\" \/>\n<meta property=\"og:title\" content=\"Kontakt | Etikette Coaching f\u00fcr Kinder in M\u00fcnchen\" \/>\n<meta property=\"og:description\" content=\"Kontaktieren Sie The Class Club f\u00fcr individuelles Etikette-Coaching f\u00fcr Kinder \u2013 pers\u00f6nlich, diskret und europaweit verf\u00fcgbar.\" \/>\n<meta property=\"og:url\" content=\"http:\/\/the-classclub.com\/en\/anfrage-kontakt\/\" \/>\n<meta property=\"og:site_name\" content=\"The Class Club\" \/>\n<meta property=\"article:modified_time\" content=\"2026-04-19T13:53:42+00:00\" \/>\n<meta name=\"twitter:card\" content=\"summary_large_image\" \/>\n<meta name=\"twitter:label1\" content=\"Estimated reading time\" \/>\n\t<meta name=\"twitter:data1\" content=\"1 minute\" \/>\n<script type=\"application\/ld+json\" class=\"yoast-schema-graph\">{\"@context\":\"https:\/\/schema.org\",\"@graph\":[{\"@type\":\"WebPage\",\"@id\":\"http:\/\/the-classclub.com\/anfrage-kontakt\/\",\"url\":\"http:\/\/the-classclub.com\/anfrage-kontakt\/\",\"name\":\"Kontakt | Etikette Coaching f\u00fcr Kinder in M\u00fcnchen\",\"isPartOf\":{\"@id\":\"http:\/\/the-classclub.com\/#website\"},\"datePublished\":\"2026-03-27T16:02:27+00:00\",\"dateModified\":\"2026-04-19T13:53:42+00:00\",\"description\":\"Kontaktieren Sie The Class Club f\u00fcr individuelles Etikette-Coaching f\u00fcr Kinder \u2013 pers\u00f6nlich, diskret und europaweit verf\u00fcgbar.\",\"breadcrumb\":{\"@id\":\"http:\/\/the-classclub.com\/anfrage-kontakt\/#breadcrumb\"},\"inLanguage\":\"en-GB\",\"potentialAction\":[{\"@type\":\"ReadAction\",\"target\":[\"http:\/\/the-classclub.com\/anfrage-kontakt\/\"]}]},{\"@type\":\"BreadcrumbList\",\"@id\":\"http:\/\/the-classclub.com\/anfrage-kontakt\/#breadcrumb\",\"itemListElement\":[{\"@type\":\"ListItem\",\"position\":1,\"name\":\"Start\",\"item\":\"http:\/\/the-classclub.com\/\"},{\"@type\":\"ListItem\",\"position\":2,\"name\":\"Anfrage &#038; Kontakt\"}]},{\"@type\":\"WebSite\",\"@id\":\"http:\/\/the-classclub.com\/#website\",\"url\":\"http:\/\/the-classclub.com\/\",\"name\":\"The Class Club\",\"description\":\"Modern Etiquette &amp; Confidence for Young Minds\",\"publisher\":{\"@id\":\"http:\/\/the-classclub.com\/#organization\"},\"potentialAction\":[{\"@type\":\"SearchAction\",\"target\":{\"@type\":\"EntryPoint\",\"urlTemplate\":\"http:\/\/the-classclub.com\/?s={search_term_string}\"},\"query-input\":{\"@type\":\"PropertyValueSpecification\",\"valueRequired\":true,\"valueName\":\"search_term_string\"}}],\"inLanguage\":\"en-GB\"},{\"@type\":\"Organization\",\"@id\":\"http:\/\/the-classclub.com\/#organization\",\"name\":\"The Class Club\",\"url\":\"http:\/\/the-classclub.com\/\",\"logo\":{\"@type\":\"ImageObject\",\"inLanguage\":\"en-GB\",\"@id\":\"http:\/\/the-classclub.com\/#\/schema\/logo\/image\/\",\"url\":\"https:\/\/the-classclub.com\/wp-content\/uploads\/2026\/01\/CC_weiss_001-scaled.jpg\",\"contentUrl\":\"https:\/\/the-classclub.com\/wp-content\/uploads\/2026\/01\/CC_weiss_001-scaled.jpg\",\"width\":2560,\"height\":997,\"caption\":\"The Class Club\"},\"image\":{\"@id\":\"http:\/\/the-classclub.com\/#\/schema\/logo\/image\/\"},\"sameAs\":[\"https:\/\/www.instagram.com\/the_classclub\/\"]}]}<\/script>\n<!-- \/ Yoast SEO plugin. -->","yoast_head_json":{"title":"Kontakt | Etikette Coaching f\u00fcr Kinder in M\u00fcnchen","description":"Kontaktieren Sie The Class Club f\u00fcr individuelles Etikette-Coaching f\u00fcr Kinder \u2013 pers\u00f6nlich, diskret und europaweit verf\u00fcgbar.","robots":{"index":"index","follow":"follow","max-snippet":"max-snippet:-1","max-image-preview":"max-image-preview:large","max-video-preview":"max-video-preview:-1"},"canonical":"http:\/\/the-classclub.com\/en\/anfrage-kontakt\/","og_locale":"en_GB","og_type":"article","og_title":"Kontakt | Etikette Coaching f\u00fcr Kinder in M\u00fcnchen","og_description":"Kontaktieren Sie The Class Club f\u00fcr individuelles Etikette-Coaching f\u00fcr Kinder \u2013 pers\u00f6nlich, diskret und europaweit verf\u00fcgbar.","og_url":"http:\/\/the-classclub.com\/en\/anfrage-kontakt\/","og_site_name":"The Class Club","article_modified_time":"2026-04-19T13:53:42+00:00","twitter_card":"summary_large_image","twitter_misc":{"Estimated reading time":"1 minute"},"schema":{"@context":"https:\/\/schema.org","@graph":[{"@type":"WebPage","@id":"http:\/\/the-classclub.com\/anfrage-kontakt\/","url":"http:\/\/the-classclub.com\/anfrage-kontakt\/","name":"Kontakt | Etikette Coaching f\u00fcr Kinder in M\u00fcnchen","isPartOf":{"@id":"http:\/\/the-classclub.com\/#website"},"datePublished":"2026-03-27T16:02:27+00:00","dateModified":"2026-04-19T13:53:42+00:00","description":"Kontaktieren Sie The Class Club f\u00fcr individuelles Etikette-Coaching f\u00fcr Kinder \u2013 pers\u00f6nlich, diskret und europaweit verf\u00fcgbar.","breadcrumb":{"@id":"http:\/\/the-classclub.com\/anfrage-kontakt\/#breadcrumb"},"inLanguage":"en-GB","potentialAction":[{"@type":"ReadAction","target":["http:\/\/the-classclub.com\/anfrage-kontakt\/"]}]},{"@type":"BreadcrumbList","@id":"http:\/\/the-classclub.com\/anfrage-kontakt\/#breadcrumb","itemListElement":[{"@type":"ListItem","position":1,"name":"Start","item":"http:\/\/the-classclub.com\/"},{"@type":"ListItem","position":2,"name":"Anfrage &#038; Kontakt"}]},{"@type":"WebSite","@id":"http:\/\/the-classclub.com\/#website","url":"http:\/\/the-classclub.com\/","name":"The Class Club","description":"Modern Etiquette &amp; Confidence for Young Minds","publisher":{"@id":"http:\/\/the-classclub.com\/#organization"},"potentialAction":[{"@type":"SearchAction","target":{"@type":"EntryPoint","urlTemplate":"http:\/\/the-classclub.com\/?s={search_term_string}"},"query-input":{"@type":"PropertyValueSpecification","valueRequired":true,"valueName":"search_term_string"}}],"inLanguage":"en-GB"},{"@type":"Organization","@id":"http:\/\/the-classclub.com\/#organization","name":"The Class Club","url":"http:\/\/the-classclub.com\/","logo":{"@type":"ImageObject","inLanguage":"en-GB","@id":"http:\/\/the-classclub.com\/#\/schema\/logo\/image\/","url":"https:\/\/the-classclub.com\/wp-content\/uploads\/2026\/01\/CC_weiss_001-scaled.jpg","contentUrl":"https:\/\/the-classclub.com\/wp-content\/uploads\/2026\/01\/CC_weiss_001-scaled.jpg","width":2560,"height":997,"caption":"The Class Club"},"image":{"@id":"http:\/\/the-classclub.com\/#\/schema\/logo\/image\/"},"sameAs":["https:\/\/www.instagram.com\/the_classclub\/"]}]}},"_links":{"self":[{"href":"https:\/\/the-classclub.com\/en\/wp-json\/wp\/v2\/pages\/3464","targetHints":{"allow":["GET"]}}],"collection":[{"href":"https:\/\/the-classclub.com\/en\/wp-json\/wp\/v2\/pages"}],"about":[{"href":"https:\/\/the-classclub.com\/en\/wp-json\/wp\/v2\/types\/page"}],"author":[{"embeddable":true,"href":"https:\/\/the-classclub.com\/en\/wp-json\/wp\/v2\/users\/1"}],"replies":[{"embeddable":true,"href":"https:\/\/the-classclub.com\/en\/wp-json\/wp\/v2\/comments?post=3464"}],"version-history":[{"count":52,"href":"https:\/\/the-classclub.com\/en\/wp-json\/wp\/v2\/pages\/3464\/revisions"}],"predecessor-version":[{"id":4134,"href":"https:\/\/the-classclub.com\/en\/wp-json\/wp\/v2\/pages\/3464\/revisions\/4134"}],"wp:attachment":[{"href":"https:\/\/the-classclub.com\/en\/wp-json\/wp\/v2\/media?parent=3464"}],"curies":[{"name":"wp","href":"https:\/\/api.w.org\/{rel}","templated":true}]}}