{"id":3660,"date":"2026-03-29T13:43:20","date_gmt":"2026-03-29T11:43:20","guid":{"rendered":"https:\/\/the-classclub.com\/?page_id=3660"},"modified":"2026-04-19T15:43:51","modified_gmt":"2026-04-19T13:43:51","slug":"impressum","status":"publish","type":"page","link":"https:\/\/the-classclub.com\/en\/impressum\/","title":{"rendered":"Inprint"},"content":{"rendered":"<p><section data-bb-version=\"5.7.1\" id=\"bt_bb_section69f2cba81c6ce\" class=\"bt_bb_section bt_bb_color_scheme_1 bt_bb_layout_boxed_1200 bt_bb_vertical_align_top bt_bb_top_spacing_none bt_bb_bottom_spacing_none\" style=\"; --section-primary-color:#ffffff; --section-secondary-color:#181818;;background-color:rgba(221,212,181,0.63);\" data-bt-override-class=\"{&quot;bt_bb_top_spacing_&quot;:{&quot;current_class&quot;:&quot;bt_bb_top_spacing_none&quot;,&quot;def&quot;:&quot;none&quot;},&quot;bt_bb_bottom_spacing_&quot;:{&quot;current_class&quot;:&quot;bt_bb_bottom_spacing_none&quot;,&quot;def&quot;:&quot;none&quot;},&quot;bt_bb_animation_&quot;:{&quot;current_class&quot;:&quot;bt_bb_animation_no_animation&quot;,&quot;def&quot;:&quot;no_animation&quot;}}\"><div class=\"bt_bb_port\"><div class=\"bt_bb_cell\"><div class=\"bt_bb_cell_inner\"><div class=\"bt_bb_row\"  data-bt-override-class=\"{}\"><div class=\"bt_bb_row_holder\" ><div  class=\"bt_bb_column col-xxl-12 col-xl-12 bt_bb_vertical_align_middle bt_bb_align_center bt_bb_padding_normal bt_bb_animation_fade_in move_up animate\" style=\"; --column-width:12;\" data-width=\"12\" data-bt-override-class=\"{}\"><div class=\"bt_bb_column_content\"><div class=\"bt_bb_column_content_inner\"><header data-bb-version=\"5.7.1\" class=\"bt_bb_headline bt_bb_dash_none bt_bb_size_large bt_bb_align_inherit\" data-bt-override-class=\"{&quot;bt_bb_size_&quot;:{&quot;current_class&quot;:&quot;bt_bb_size_large&quot;,&quot;def&quot;:&quot;large&quot;},&quot;bt_bb_align_&quot;:{&quot;current_class&quot;:&quot;bt_bb_align_inherit&quot;,&quot;def&quot;:&quot;inherit&quot;},&quot;bt_bb_animation_&quot;:{&quot;current_class&quot;:&quot;bt_bb_animation_no_animation&quot;,&quot;def&quot;:&quot;no_animation&quot;}}\"><h1 class=\"bt_bb_headline_tag\"><span class=\"bt_bb_headline_content\"><span>IMPRESSUM<\/span><\/span><\/h1><\/header><\/div><\/div><\/div><\/div><\/div><div data-bb-version=\"5.7.1\" class=\"bt_bb_row\"  data-bt-override-class=\"{}\"><div class=\"bt_bb_row_holder\" ><div data-bb-version=\"5.7.1\"  class=\"bt_bb_column col-xxl-12 col-xl-12 col-xs-12 col-sm-12 col-md-12 col-lg-12 bt_bb_vertical_align_top bt_bb_align_center bt_bb_padding_normal\" style=\"; --column-width:12;\" data-width=\"12\" data-bt-override-class=\"{&quot;bt_bb_vertical_align_&quot;:{&quot;current_class&quot;:&quot;bt_bb_vertical_align_top&quot;,&quot;def&quot;:&quot;top&quot;},&quot;bt_bb_align_&quot;:{&quot;current_class&quot;:&quot;bt_bb_align_center&quot;,&quot;def&quot;:&quot;center&quot;},&quot;bt_bb_padding_&quot;:{&quot;current_class&quot;:&quot;bt_bb_padding_normal&quot;,&quot;def&quot;:&quot;normal&quot;},&quot;bt_bb_animation_&quot;:{&quot;current_class&quot;:&quot;bt_bb_animation_no_animation&quot;,&quot;def&quot;:&quot;no_animation&quot;}}\"><div class=\"bt_bb_column_content\"><div class=\"bt_bb_column_content_inner\"><div data-bb-version=\"5.7.1\" class=\"bt_bb_image bt_bb_shape_square bt_bb_target_self bt_bb_align_inherit bt_bb_hover_style_simple bt_bb_content_display_always bt_bb_content_align_middle\" data-bt-override-class=\"{&quot;bt_bb_align_&quot;:{&quot;current_class&quot;:&quot;bt_bb_align_inherit&quot;,&quot;def&quot;:&quot;inherit&quot;},&quot;bt_bb_animation_&quot;:{&quot;current_class&quot;:&quot;bt_bb_animation_no_animation&quot;,&quot;def&quot;:&quot;no_animation&quot;}}\"><span><img loading=\"lazy\" decoding=\"async\" width=\"640\" height=\"267\" src=\"https:\/\/the-classclub.com\/wp-content\/uploads\/2026\/03\/Photoroom_20260327_142401-640x267.png\" class=\"attachment-medium size-medium\" alt=\"https:\/\/the-classclub.com\/wp-content\/uploads\/2026\/03\/Photoroom_20260327_142401-640x267.png\" data-full_image_src=\"https:\/\/the-classclub.com\/wp-content\/uploads\/2026\/03\/Photoroom_20260327_142401.png\" title=\"Photoroom_20260327_142401\" srcset=\"https:\/\/the-classclub.com\/wp-content\/uploads\/2026\/03\/Photoroom_20260327_142401-640x267.png 640w, https:\/\/the-classclub.com\/wp-content\/uploads\/2026\/03\/Photoroom_20260327_142401-1280x534.png 1280w, https:\/\/the-classclub.com\/wp-content\/uploads\/2026\/03\/Photoroom_20260327_142401-768x321.png 768w, https:\/\/the-classclub.com\/wp-content\/uploads\/2026\/03\/Photoroom_20260327_142401-1536x641.png 1536w, https:\/\/the-classclub.com\/wp-content\/uploads\/2026\/03\/Photoroom_20260327_142401-2048x855.png 2048w\" sizes=\"auto, (max-width: 640px) 100vw, 640px\" \/><\/span><\/div><\/div><\/div><\/div><\/div><\/div><div data-bb-version=\"5.7.1\" class=\"bt_bb_row\"  data-bt-override-class=\"{}\"><div class=\"bt_bb_row_holder\" ><\/div><\/div><\/div><!-- cell_inner --><\/div><!-- cell --><\/div><!-- port --><\/section><section id=\"bt_bb_section69f2cba81d1a8\" class=\"bt_bb_section bt_bb_layout_wide bt_bb_vertical_align_top bt_bb_bottom_spacing_medium\"  data-bt-override-class=\"null\"><div class=\"bt_bb_port\"><div class=\"bt_bb_cell\"><div class=\"bt_bb_cell_inner\"><div class=\"bt_bb_row\"  data-bt-override-class=\"{}\"><div class=\"bt_bb_row_holder\" ><div data-bb-version=\"5.7.1\"  class=\"bt_bb_column col-xxl-4 col-xl-4 bt_bb_vertical_align_top bt_bb_align_center bt_bb_padding_normal\" style=\"; --column-width:4;\" data-width=\"4\" data-bt-override-class=\"{&quot;bt_bb_vertical_align_&quot;:{&quot;current_class&quot;:&quot;bt_bb_vertical_align_top&quot;,&quot;def&quot;:&quot;top&quot;},&quot;bt_bb_align_&quot;:{&quot;current_class&quot;:&quot;bt_bb_align_center&quot;,&quot;def&quot;:&quot;center&quot;},&quot;bt_bb_padding_&quot;:{&quot;current_class&quot;:&quot;bt_bb_padding_normal&quot;,&quot;def&quot;:&quot;normal&quot;},&quot;bt_bb_animation_&quot;:{&quot;current_class&quot;:&quot;bt_bb_animation_no_animation&quot;,&quot;def&quot;:&quot;no_animation&quot;}}\"><div class=\"bt_bb_column_content\"><div class=\"bt_bb_column_content_inner\"><div class=\"bt_bb_separator bt_bb_border_style_none bt_bb_bottom_spacing_medium\" data-bt-override-class=\"null\"><\/div><\/div><\/div><\/div><div data-bb-version=\"5.7.1\"  class=\"bt_bb_column col-xxl-4 col-xl-4 bt_bb_vertical_align_top bt_bb_align_center bt_bb_padding_30 bt_bb_animation_fade_in animate\" style=\"; --column-width:4;\" data-width=\"4\" data-bt-override-class=\"{&quot;bt_bb_vertical_align_&quot;:{&quot;current_class&quot;:&quot;bt_bb_vertical_align_top&quot;,&quot;def&quot;:&quot;top&quot;},&quot;bt_bb_align_&quot;:{&quot;current_class&quot;:&quot;bt_bb_align_center&quot;,&quot;def&quot;:&quot;center&quot;},&quot;bt_bb_padding_&quot;:{&quot;current_class&quot;:&quot;bt_bb_padding_30&quot;,&quot;def&quot;:&quot;30&quot;},&quot;bt_bb_animation_&quot;:{&quot;current_class&quot;:&quot;bt_bb_animation_fade_in animate&quot;,&quot;def&quot;:&quot;fade_in animate&quot;}}\"><div class=\"bt_bb_column_content\"><div class=\"bt_bb_column_content_inner\"><div data-bb-version=\"5.7.1\" class=\"bt_bb_separator bt_bb_border_style_none bt_bb_top_spacing_none bt_bb_bottom_spacing_medium bt_bb_hidden_xs bt_bb_hidden_ms bt_bb_hidden_sm\" data-bt-override-class=\"{&quot;bt_bb_top_spacing_&quot;:{&quot;current_class&quot;:&quot;bt_bb_top_spacing_none&quot;,&quot;def&quot;:&quot;none&quot;},&quot;bt_bb_bottom_spacing_&quot;:{&quot;current_class&quot;:&quot;bt_bb_bottom_spacing_medium&quot;,&quot;def&quot;:&quot;medium&quot;}}\"><\/div><div  class=\"bt_bb_text\" style=\"max-width: 490px; margin: 0 auto;\"><\/p>\n<p><strong>IMPRESSUM \/ INPRINT<\/strong><\/p>\n<p>\u201eThe Class Club\u201c<br \/><strong>Modern Etiquette &amp; Confidence for Young Minds<\/strong><\/p>\n<p>Owner\/Founder<br \/>Larissa Juliana Kroll<br \/>Master of Science Psychology (M.Sc.)<br \/>Bachelor of Science Business Psychology (B.Sc.)<\/p>\n<p>Munich\/Germany<br \/>T +49 176 64722301<br \/>E-Mail lara.kroll@the-classclub.com<br \/>the-classclub.com<\/p>\n<p>Umsatzsteuer-ID:<br \/>Umsatzsteuer-Identifikationsnummer gem\u00e4\u00df \u00a727 a Umsatzsteuergesetz:<br \/>DExxxxxxx (in Beantragung)<\/p>\n<p><strong>Verantwortlich f\u00fcr den Inhalt nach \u00a7 55 Abs. 2 RStV:<\/strong><br \/>Larissa Juliana Kroll (Kontakte wie oben)<\/p>\n<p><strong>Fotografie\/Photography:\u00a0<\/strong><br \/>\u00a0Photografie Ulla Laser\u00a0 \u2013 www.ulla-laser.de<\/p>\n<p>\u00a0<\/p>\n<p class=\"isSelectedEnd\"><strong>Haftungsausschluss (Disclaimer)<\/strong><\/p>\n<p class=\"isSelectedEnd\"><strong>Haftung f\u00fcr Inhalte<\/strong><br \/>Als Diensteanbieter sind wir gem\u00e4\u00df \u00a7 7 Abs. 1 TMG f\u00fcr eigene Inhalte auf diesen Seiten nach den geltenden gesetzlichen Vorschriften verantwortlich. Nach \u00a7\u00a7 8 bis 10 TMG besteht jedoch keine Verpflichtung, \u00fcbermittelte oder gespeicherte fremde Informationen aktiv zu \u00fcberwachen oder nach Hinweisen auf rechtswidrige T\u00e4tigkeiten zu suchen.<\/p>\n<p class=\"isSelectedEnd\">Unber\u00fchrt bleiben gesetzliche Verpflichtungen zur Entfernung oder Sperrung der Nutzung von Informationen. Eine Haftung ist in diesem Zusammenhang jedoch erst ab dem Zeitpunkt m\u00f6glich, zu dem eine konkrete Rechtsverletzung bekannt wird. Sobald uns entsprechende Verst\u00f6\u00dfe bekannt werden, entfernen wir die betreffenden Inhalte unverz\u00fcglich.<\/p>\n<p class=\"isSelectedEnd\"><strong>Haftung f\u00fcr Links<\/strong><br \/>Unser Internetangebot enth\u00e4lt Verlinkungen zu externen Webseiten Dritter, auf deren Inhalte wir keinen Einfluss haben. Daher k\u00f6nnen wir f\u00fcr diese fremden Inhalte keine Gew\u00e4hr \u00fcbernehmen. F\u00fcr die Inhalte der verlinkten Seiten ist stets der jeweilige Anbieter oder Betreiber verantwortlich.<\/p>\n<p class=\"isSelectedEnd\">Zum Zeitpunkt der Verlinkung wurden die externen Seiten auf m\u00f6gliche Rechtsverst\u00f6\u00dfe \u00fcberpr\u00fcft; rechtswidrige Inhalte waren dabei nicht erkennbar. Eine kontinuierliche inhaltliche Kontrolle ist ohne konkrete Hinweise auf eine Rechtsverletzung jedoch nicht zumutbar. Sollten uns entsprechende Verst\u00f6\u00dfe bekannt werden, entfernen wir derartige Links umgehend.<\/p>\n<p class=\"isSelectedEnd\"><strong>Urheberrecht<\/strong><br \/>Die durch die Seitenbetreiber erstellten Inhalte und Werke auf diesen Seiten unterliegen dem deutschen Urheberrecht. Jede Form der Vervielf\u00e4ltigung, Bearbeitung, Verbreitung oder sonstigen Verwertung au\u00dferhalb der gesetzlichen Grenzen bedarf der vorherigen schriftlichen Zustimmung des jeweiligen Urhebers.<\/p>\n<p class=\"isSelectedEnd\">Downloads und Kopien dieser Seite sind ausschlie\u00dflich f\u00fcr den privaten und nicht kommerziellen Gebrauch gestattet.<\/p>\n<p>Soweit Inhalte auf dieser Website nicht vom Betreiber selbst erstellt wurden, werden die Urheberrechte Dritter beachtet und entsprechend gekennzeichnet. Sollten Sie dennoch auf eine m\u00f6gliche Urheberrechtsverletzung aufmerksam werden, bitten wir um einen entsprechenden Hinweis. Bei Bekanntwerden von Rechtsverst\u00f6\u00dfen werden wir die betroffenen Inhalte umgehend entfernen.<\/p>\n<p>\n<\/div><div data-bb-version=\"5.7.1\" class=\"bt_bb_separator bt_bb_border_style_none bt_bb_top_spacing_small bt_bb_bottom_spacing_small\" data-bt-override-class=\"{&quot;bt_bb_top_spacing_&quot;:{&quot;current_class&quot;:&quot;bt_bb_top_spacing_small&quot;,&quot;def&quot;:&quot;small&quot;},&quot;bt_bb_bottom_spacing_&quot;:{&quot;current_class&quot;:&quot;bt_bb_bottom_spacing_small&quot;,&quot;def&quot;:&quot;small&quot;}}\"><\/div><div data-bb-version=\"5.7.1\" class=\"bt_bb_icon bt_bb_style_borderless bt_bb_size_xlarge bt_bb_shape_circle bt_bb_target_self bt_bb_text_empty bt_bb_align_inherit\" data-bt-override-class=\"{&quot;bt_bb_size_&quot;:{&quot;current_class&quot;:&quot;bt_bb_size_xlarge&quot;,&quot;def&quot;:&quot;xlarge&quot;},&quot;bt_bb_align_&quot;:{&quot;current_class&quot;:&quot;bt_bb_align_inherit&quot;,&quot;def&quot;:&quot;inherit&quot;},&quot;bt_bb_animation_&quot;:{&quot;current_class&quot;:&quot;bt_bb_animation_no_animation&quot;,&quot;def&quot;:&quot;no_animation&quot;}}\"><span  data-ico-drawings=\"&#xe90d;\" class=\"bt_bb_icon_holder\"><\/span><\/div><\/div><\/div><\/div><div data-bb-version=\"5.7.1\"  class=\"bt_bb_column col-xxl-4 col-xl-4 bt_bb_vertical_align_top bt_bb_align_center bt_bb_padding_normal\" style=\"; --column-width:4;\" data-width=\"4\" data-bt-override-class=\"{&quot;bt_bb_vertical_align_&quot;:{&quot;current_class&quot;:&quot;bt_bb_vertical_align_top&quot;,&quot;def&quot;:&quot;top&quot;},&quot;bt_bb_align_&quot;:{&quot;current_class&quot;:&quot;bt_bb_align_center&quot;,&quot;def&quot;:&quot;center&quot;},&quot;bt_bb_padding_&quot;:{&quot;current_class&quot;:&quot;bt_bb_padding_normal&quot;,&quot;def&quot;:&quot;normal&quot;},&quot;bt_bb_animation_&quot;:{&quot;current_class&quot;:&quot;bt_bb_animation_no_animation&quot;,&quot;def&quot;:&quot;no_animation&quot;}}\"><div class=\"bt_bb_column_content\"><div class=\"bt_bb_column_content_inner\"><div class=\"bt_bb_separator bt_bb_border_style_none bt_bb_bottom_spacing_medium\" data-bt-override-class=\"null\"><\/div><\/div><\/div><\/div><\/div><\/div><\/div><!-- cell_inner --><\/div><!-- cell --><\/div><!-- port --><\/section><section id=\"bt_bb_section69f2cba81d835\" class=\"bt_bb_section bt_bb_layout_wide bt_bb_vertical_align_top bt_bb_bottom_spacing_medium\"  data-bt-override-class=\"null\"><div class=\"bt_bb_port\"><div class=\"bt_bb_cell\"><div class=\"bt_bb_cell_inner\"><div class=\"bt_bb_row\"  data-bt-override-class=\"{}\"><div class=\"bt_bb_row_holder\" ><div data-bb-version=\"5.7.1\"  class=\"bt_bb_column col-xxl-4 col-xl-4 bt_bb_vertical_align_top bt_bb_align_center bt_bb_padding_normal\" style=\"; --column-width:4;\" data-width=\"4\" data-bt-override-class=\"{&quot;bt_bb_vertical_align_&quot;:{&quot;current_class&quot;:&quot;bt_bb_vertical_align_top&quot;,&quot;def&quot;:&quot;top&quot;},&quot;bt_bb_align_&quot;:{&quot;current_class&quot;:&quot;bt_bb_align_center&quot;,&quot;def&quot;:&quot;center&quot;},&quot;bt_bb_padding_&quot;:{&quot;current_class&quot;:&quot;bt_bb_padding_normal&quot;,&quot;def&quot;:&quot;normal&quot;},&quot;bt_bb_animation_&quot;:{&quot;current_class&quot;:&quot;bt_bb_animation_no_animation&quot;,&quot;def&quot;:&quot;no_animation&quot;}}\"><div class=\"bt_bb_column_content\"><div class=\"bt_bb_column_content_inner\"><\/div><\/div><\/div><div data-bb-version=\"5.7.1\"  class=\"bt_bb_column col-xxl-4 col-xl-4 bt_bb_vertical_align_top bt_bb_align_center bt_bb_padding_30\" style=\"; --column-width:4;\" data-width=\"4\" data-bt-override-class=\"{&quot;bt_bb_vertical_align_&quot;:{&quot;current_class&quot;:&quot;bt_bb_vertical_align_top&quot;,&quot;def&quot;:&quot;top&quot;},&quot;bt_bb_align_&quot;:{&quot;current_class&quot;:&quot;bt_bb_align_center&quot;,&quot;def&quot;:&quot;center&quot;},&quot;bt_bb_padding_&quot;:{&quot;current_class&quot;:&quot;bt_bb_padding_30&quot;,&quot;def&quot;:&quot;30&quot;},&quot;bt_bb_animation_&quot;:{&quot;current_class&quot;:&quot;bt_bb_animation_no_animation&quot;,&quot;def&quot;:&quot;no_animation&quot;}}\"><div class=\"bt_bb_column_content\"><div class=\"bt_bb_column_content_inner\"><div data-bb-version=\"5.7.1\" class=\"bt_bb_link\"><a href=\"https:\/\/the-classclub.com\/en\/konzept-leistungen\/\" target=\"_self\" class=\"bt_bb_link_content\" title=\"Konzept &amp; Leistungen\"><span class=\"bt_bb_link_text\">Programs &amp; Services<\/span><span class=\"bt_bb_link_icon\"><\/span><\/a><\/div><div data-bb-version=\"5.7.1\" class=\"bt_bb_separator bt_bb_border_style_solid bt_bb_top_spacing_none bt_bb_bottom_spacing_none\" data-bt-override-class=\"{&quot;bt_bb_top_spacing_&quot;:{&quot;current_class&quot;:&quot;bt_bb_top_spacing_none&quot;,&quot;def&quot;:&quot;none&quot;},&quot;bt_bb_bottom_spacing_&quot;:{&quot;current_class&quot;:&quot;bt_bb_bottom_spacing_none&quot;,&quot;def&quot;:&quot;none&quot;}}\"><\/div><div data-bb-version=\"5.7.1\" class=\"bt_bb_link\"><a href=\"https:\/\/the-classclub.com\/en\/anfrage-kontakt\/\" target=\"_self\" class=\"bt_bb_link_content\" title=\"Anfrage\/Kontakt\"><span class=\"bt_bb_link_text\">Anfrage\/Kontakt<\/span><span class=\"bt_bb_link_icon\"><\/span><\/a><\/div><div data-bb-version=\"5.7.1\" class=\"bt_bb_separator bt_bb_border_style_solid bt_bb_top_spacing_none bt_bb_bottom_spacing_none\" data-bt-override-class=\"{&quot;bt_bb_top_spacing_&quot;:{&quot;current_class&quot;:&quot;bt_bb_top_spacing_none&quot;,&quot;def&quot;:&quot;none&quot;},&quot;bt_bb_bottom_spacing_&quot;:{&quot;current_class&quot;:&quot;bt_bb_bottom_spacing_none&quot;,&quot;def&quot;:&quot;none&quot;}}\"><\/div><\/div><\/div><\/div><div data-bb-version=\"5.7.1\"  class=\"bt_bb_column col-xxl-4 col-xl-4 bt_bb_vertical_align_top bt_bb_align_center bt_bb_padding_normal\" style=\"; --column-width:4;\" data-width=\"4\" data-bt-override-class=\"{&quot;bt_bb_vertical_align_&quot;:{&quot;current_class&quot;:&quot;bt_bb_vertical_align_top&quot;,&quot;def&quot;:&quot;top&quot;},&quot;bt_bb_align_&quot;:{&quot;current_class&quot;:&quot;bt_bb_align_center&quot;,&quot;def&quot;:&quot;center&quot;},&quot;bt_bb_padding_&quot;:{&quot;current_class&quot;:&quot;bt_bb_padding_normal&quot;,&quot;def&quot;:&quot;normal&quot;},&quot;bt_bb_animation_&quot;:{&quot;current_class&quot;:&quot;bt_bb_animation_no_animation&quot;,&quot;def&quot;:&quot;no_animation&quot;}}\"><div class=\"bt_bb_column_content\"><div class=\"bt_bb_column_content_inner\"><\/div><\/div><\/div><\/div><\/div><\/div><!-- cell_inner --><\/div><!-- cell --><\/div><!-- port --><\/section><\/p>","protected":false},"excerpt":{"rendered":"","protected":false},"author":1,"featured_media":0,"parent":0,"menu_order":0,"comment_status":"closed","ping_status":"closed","template":"","meta":{"footnotes":""},"class_list":["post-3660","page","type-page","status-publish","hentry"],"yoast_head":"<!-- This site is optimized with the Yoast SEO plugin v26.8 - https:\/\/yoast.com\/product\/yoast-seo-wordpress\/ -->\n<title>Impressum | The Class Club<\/title>\n<meta name=\"description\" content=\"Rechtliche Angaben gem\u00e4\u00df \u00a75 TMG \u2013 The Class Club.\" \/>\n<meta name=\"robots\" content=\"index, follow, max-snippet:-1, max-image-preview:large, max-video-preview:-1\" \/>\n<link rel=\"canonical\" href=\"http:\/\/the-classclub.com\/en\/impressum\/\" \/>\n<meta property=\"og:locale\" content=\"en_GB\" \/>\n<meta property=\"og:type\" content=\"article\" \/>\n<meta property=\"og:title\" content=\"Impressum | The Class Club\" \/>\n<meta property=\"og:description\" content=\"Rechtliche Angaben gem\u00e4\u00df \u00a75 TMG \u2013 The Class Club.\" \/>\n<meta property=\"og:url\" content=\"http:\/\/the-classclub.com\/en\/impressum\/\" \/>\n<meta property=\"og:site_name\" content=\"The Class Club\" \/>\n<meta property=\"article:modified_time\" content=\"2026-04-19T13:43:51+00:00\" \/>\n<meta name=\"twitter:card\" content=\"summary_large_image\" \/>\n<meta name=\"twitter:label1\" content=\"Estimated reading time\" \/>\n\t<meta name=\"twitter:data1\" content=\"3 minutes\" \/>\n<script type=\"application\/ld+json\" class=\"yoast-schema-graph\">{\"@context\":\"https:\/\/schema.org\",\"@graph\":[{\"@type\":\"WebPage\",\"@id\":\"http:\/\/the-classclub.com\/impressum\/\",\"url\":\"http:\/\/the-classclub.com\/impressum\/\",\"name\":\"Impressum | The Class Club\",\"isPartOf\":{\"@id\":\"http:\/\/the-classclub.com\/#website\"},\"datePublished\":\"2026-03-29T11:43:20+00:00\",\"dateModified\":\"2026-04-19T13:43:51+00:00\",\"description\":\"Rechtliche Angaben gem\u00e4\u00df \u00a75 TMG \u2013 The Class Club.\",\"breadcrumb\":{\"@id\":\"http:\/\/the-classclub.com\/impressum\/#breadcrumb\"},\"inLanguage\":\"en-GB\",\"potentialAction\":[{\"@type\":\"ReadAction\",\"target\":[\"http:\/\/the-classclub.com\/impressum\/\"]}]},{\"@type\":\"BreadcrumbList\",\"@id\":\"http:\/\/the-classclub.com\/impressum\/#breadcrumb\",\"itemListElement\":[{\"@type\":\"ListItem\",\"position\":1,\"name\":\"Start\",\"item\":\"http:\/\/the-classclub.com\/\"},{\"@type\":\"ListItem\",\"position\":2,\"name\":\"Impressum\"}]},{\"@type\":\"WebSite\",\"@id\":\"http:\/\/the-classclub.com\/#website\",\"url\":\"http:\/\/the-classclub.com\/\",\"name\":\"The Class Club\",\"description\":\"Modern Etiquette &amp; Confidence for Young Minds\",\"publisher\":{\"@id\":\"http:\/\/the-classclub.com\/#organization\"},\"potentialAction\":[{\"@type\":\"SearchAction\",\"target\":{\"@type\":\"EntryPoint\",\"urlTemplate\":\"http:\/\/the-classclub.com\/?s={search_term_string}\"},\"query-input\":{\"@type\":\"PropertyValueSpecification\",\"valueRequired\":true,\"valueName\":\"search_term_string\"}}],\"inLanguage\":\"en-GB\"},{\"@type\":\"Organization\",\"@id\":\"http:\/\/the-classclub.com\/#organization\",\"name\":\"The Class Club\",\"url\":\"http:\/\/the-classclub.com\/\",\"logo\":{\"@type\":\"ImageObject\",\"inLanguage\":\"en-GB\",\"@id\":\"http:\/\/the-classclub.com\/#\/schema\/logo\/image\/\",\"url\":\"https:\/\/the-classclub.com\/wp-content\/uploads\/2026\/01\/CC_weiss_001-scaled.jpg\",\"contentUrl\":\"https:\/\/the-classclub.com\/wp-content\/uploads\/2026\/01\/CC_weiss_001-scaled.jpg\",\"width\":2560,\"height\":997,\"caption\":\"The Class Club\"},\"image\":{\"@id\":\"http:\/\/the-classclub.com\/#\/schema\/logo\/image\/\"},\"sameAs\":[\"https:\/\/www.instagram.com\/the_classclub\/\"]}]}<\/script>\n<!-- \/ Yoast SEO plugin. -->","yoast_head_json":{"title":"Impressum | The Class Club","description":"Rechtliche Angaben gem\u00e4\u00df \u00a75 TMG \u2013 The Class Club.","robots":{"index":"index","follow":"follow","max-snippet":"max-snippet:-1","max-image-preview":"max-image-preview:large","max-video-preview":"max-video-preview:-1"},"canonical":"http:\/\/the-classclub.com\/en\/impressum\/","og_locale":"en_GB","og_type":"article","og_title":"Impressum | The Class Club","og_description":"Rechtliche Angaben gem\u00e4\u00df \u00a75 TMG \u2013 The Class Club.","og_url":"http:\/\/the-classclub.com\/en\/impressum\/","og_site_name":"The Class Club","article_modified_time":"2026-04-19T13:43:51+00:00","twitter_card":"summary_large_image","twitter_misc":{"Estimated reading time":"3 minutes"},"schema":{"@context":"https:\/\/schema.org","@graph":[{"@type":"WebPage","@id":"http:\/\/the-classclub.com\/impressum\/","url":"http:\/\/the-classclub.com\/impressum\/","name":"Impressum | The Class Club","isPartOf":{"@id":"http:\/\/the-classclub.com\/#website"},"datePublished":"2026-03-29T11:43:20+00:00","dateModified":"2026-04-19T13:43:51+00:00","description":"Rechtliche Angaben gem\u00e4\u00df \u00a75 TMG \u2013 The Class Club.","breadcrumb":{"@id":"http:\/\/the-classclub.com\/impressum\/#breadcrumb"},"inLanguage":"en-GB","potentialAction":[{"@type":"ReadAction","target":["http:\/\/the-classclub.com\/impressum\/"]}]},{"@type":"BreadcrumbList","@id":"http:\/\/the-classclub.com\/impressum\/#breadcrumb","itemListElement":[{"@type":"ListItem","position":1,"name":"Start","item":"http:\/\/the-classclub.com\/"},{"@type":"ListItem","position":2,"name":"Impressum"}]},{"@type":"WebSite","@id":"http:\/\/the-classclub.com\/#website","url":"http:\/\/the-classclub.com\/","name":"The Class Club","description":"Modern Etiquette &amp; Confidence for Young Minds","publisher":{"@id":"http:\/\/the-classclub.com\/#organization"},"potentialAction":[{"@type":"SearchAction","target":{"@type":"EntryPoint","urlTemplate":"http:\/\/the-classclub.com\/?s={search_term_string}"},"query-input":{"@type":"PropertyValueSpecification","valueRequired":true,"valueName":"search_term_string"}}],"inLanguage":"en-GB"},{"@type":"Organization","@id":"http:\/\/the-classclub.com\/#organization","name":"The Class Club","url":"http:\/\/the-classclub.com\/","logo":{"@type":"ImageObject","inLanguage":"en-GB","@id":"http:\/\/the-classclub.com\/#\/schema\/logo\/image\/","url":"https:\/\/the-classclub.com\/wp-content\/uploads\/2026\/01\/CC_weiss_001-scaled.jpg","contentUrl":"https:\/\/the-classclub.com\/wp-content\/uploads\/2026\/01\/CC_weiss_001-scaled.jpg","width":2560,"height":997,"caption":"The Class Club"},"image":{"@id":"http:\/\/the-classclub.com\/#\/schema\/logo\/image\/"},"sameAs":["https:\/\/www.instagram.com\/the_classclub\/"]}]}},"_links":{"self":[{"href":"https:\/\/the-classclub.com\/en\/wp-json\/wp\/v2\/pages\/3660","targetHints":{"allow":["GET"]}}],"collection":[{"href":"https:\/\/the-classclub.com\/en\/wp-json\/wp\/v2\/pages"}],"about":[{"href":"https:\/\/the-classclub.com\/en\/wp-json\/wp\/v2\/types\/page"}],"author":[{"embeddable":true,"href":"https:\/\/the-classclub.com\/en\/wp-json\/wp\/v2\/users\/1"}],"replies":[{"embeddable":true,"href":"https:\/\/the-classclub.com\/en\/wp-json\/wp\/v2\/comments?post=3660"}],"version-history":[{"count":26,"href":"https:\/\/the-classclub.com\/en\/wp-json\/wp\/v2\/pages\/3660\/revisions"}],"predecessor-version":[{"id":4174,"href":"https:\/\/the-classclub.com\/en\/wp-json\/wp\/v2\/pages\/3660\/revisions\/4174"}],"wp:attachment":[{"href":"https:\/\/the-classclub.com\/en\/wp-json\/wp\/v2\/media?parent=3660"}],"curies":[{"name":"wp","href":"https:\/\/api.w.org\/{rel}","templated":true}]}}